{"id":2,"date":"2011-11-14T21:28:45","date_gmt":"2011-11-14T21:28:45","guid":{"rendered":"http:\/\/stupideetcontagieux.net\/WordPress3\/\/?page_id=2"},"modified":"2025-04-21T09:46:21","modified_gmt":"2025-04-21T07:46:21","slug":"about","status":"publish","type":"page","link":"https:\/\/stupideetcontagieux.net\/?page_id=2","title":{"rendered":"Au sujet de ce blog"},"content":{"rendered":"<div style=\"padding-bottom:20px; padding-top:10px;\" class=\"hupso-share-buttons\"><!-- Hupso Share Buttons - http:\/\/www.hupso.com\/share\/ --><a class=\"hupso_toolbar\" href=\"http:\/\/www.hupso.com\/share\/\"><img decoding=\"async\" src=\"https:\/\/static.hupso.com\/share\/buttons\/dot.png\" style=\"border:0px; padding-top:5px; float:left;\" alt=\"Share Button\"\/><\/a><script type=\"text\/javascript\">var hupso_services_t=new Array(\"Twitter\",\"Facebook\",\"Google Plus\",\"Pinterest\",\"Tumblr\",\"VKontakte\",\"Email\",\"Print\");var hupso_background_t=\"#EAF4FF\";var hupso_border_t=\"#66CCFF\";var hupso_toolbar_size_t=\"big\";var hupso_twitter_via = \"BenHowl1\";var hupso_image_folder_url = \"\";var hupso_twitter_via=\"BenHowl1\";var hupso_url_t=\"\";var hupso_title_t=\"Au sujet de ce blog\";<\/script><script type=\"text\/javascript\" src=\"https:\/\/static.hupso.com\/share\/js\/share_toolbar.js\"><\/script><!-- Hupso Share Buttons --><\/div><p>Ce blog fait partie d&rsquo;une vaste blague, un projet conspirationniste cosmico-m\u00e9tapsychique, une manipulation \u00e0 l&rsquo;\u00e9chelle mondiale imbriquant des milliards <del>de larves<\/del> <del>d&rsquo;imb\u00e9ciles<\/del> d&rsquo;individus, projet dont le but est la domination de la machine sur l&rsquo;homme, qui est, vous vous en doutez, orchestr\u00e9 par les hautes instances des affreux Zroglbs de la constellation du Taureau sous l&rsquo;\u00e9gide de la Soci\u00e9t\u00e9 des Nations Interuniverselles.<\/p>\n<p>Toute ressemblance avec des faits ou des personnes existantes ne serait que purement fortuite et hebdomadaire.<\/p>\n<p>Ce blog est \u00e9dit\u00e9 \u00e0 titre non professionnel et h\u00e9berg\u00e9 par <a title=\"OVH.COM , h\u00e9bergement et solutions Internet\" href=\"http:\/\/www.ovh.com\" target=\"_blank\">OVH <\/a>dont le si\u00e8ge social est sis<a title=\"O\u00f9 se situe donc OVH ???\" href=\"http:\/\/www.openstreetmap.org\/?lat=50.69205&amp;lon=3.2&amp;zoom=17&amp;layers=M\" target=\"_blank\"> 2 Rue Kellermann, 59100 Roubaix, France<\/a><\/p>\n","protected":false},"excerpt":{"rendered":"<div style=\"padding-bottom:20px; padding-top:10px;\" class=\"hupso-share-buttons\"><!-- Hupso Share Buttons - http:\/\/www.hupso.com\/share\/ --><a class=\"hupso_toolbar\" href=\"http:\/\/www.hupso.com\/share\/\"><img src=\"https:\/\/static.hupso.com\/share\/buttons\/dot.png\" style=\"border:0px; padding-top:5px; float:left;\" alt=\"Share Button\"\/><\/a><script type=\"text\/javascript\">var hupso_services_t=new Array(\"Twitter\",\"Facebook\",\"Google Plus\",\"Pinterest\",\"Tumblr\",\"VKontakte\",\"Email\",\"Print\");var hupso_background_t=\"#EAF4FF\";var hupso_border_t=\"#66CCFF\";var hupso_toolbar_size_t=\"big\";var hupso_twitter_via = \"BenHowl1\";var hupso_image_folder_url = \"\";var hupso_twitter_via=\"BenHowl1\";var hupso_url_t=\"\";var hupso_title_t=\"Au sujet de ce blog\";<\/script><script type=\"text\/javascript\" src=\"https:\/\/static.hupso.com\/share\/js\/share_toolbar.js\"><\/script><!-- Hupso Share Buttons --><\/div><p>Ce blog fait partie d&rsquo;une vaste blague, un projet conspirationniste cosmico-m\u00e9tapsychique, une manipulation \u00e0 l&rsquo;\u00e9chelle mondiale imbriquant des milliards de larves d&rsquo;imb\u00e9ciles d&rsquo;individus, projet dont le but est la domination de la machine sur l&rsquo;homme, qui est, vous vous en doutez, orchestr\u00e9 par les hautes instances des affreux Zroglbs de la constellation du Taureau sous [&hellip;]<\/p>\n","protected":false},"author":1,"featured_media":0,"parent":0,"menu_order":1,"comment_status":"open","ping_status":"open","template":"onecolumn-page.php","meta":{"footnotes":""},"class_list":["post-2","page","type-page","status-publish","hentry"],"_links":{"self":[{"href":"https:\/\/stupideetcontagieux.net\/index.php?rest_route=\/wp\/v2\/pages\/2","targetHints":{"allow":["GET"]}}],"collection":[{"href":"https:\/\/stupideetcontagieux.net\/index.php?rest_route=\/wp\/v2\/pages"}],"about":[{"href":"https:\/\/stupideetcontagieux.net\/index.php?rest_route=\/wp\/v2\/types\/page"}],"author":[{"embeddable":true,"href":"https:\/\/stupideetcontagieux.net\/index.php?rest_route=\/wp\/v2\/users\/1"}],"replies":[{"embeddable":true,"href":"https:\/\/stupideetcontagieux.net\/index.php?rest_route=%2Fwp%2Fv2%2Fcomments&post=2"}],"version-history":[{"count":6,"href":"https:\/\/stupideetcontagieux.net\/index.php?rest_route=\/wp\/v2\/pages\/2\/revisions"}],"predecessor-version":[{"id":1216,"href":"https:\/\/stupideetcontagieux.net\/index.php?rest_route=\/wp\/v2\/pages\/2\/revisions\/1216"}],"wp:attachment":[{"href":"https:\/\/stupideetcontagieux.net\/index.php?rest_route=%2Fwp%2Fv2%2Fmedia&parent=2"}],"curies":[{"name":"wp","href":"https:\/\/api.w.org\/{rel}","templated":true}]}}